{"id":43,"date":"2024-06-18T11:12:34","date_gmt":"2024-06-18T09:12:34","guid":{"rendered":"https:\/\/studioekilibr.com\/?page_id=43"},"modified":"2025-07-22T17:51:20","modified_gmt":"2025-07-22T15:51:20","slug":"enseignantes","status":"publish","type":"page","link":"https:\/\/studioekilibr.com\/index.php\/enseignantes\/","title":{"rendered":"ENSEIGNANTES"},"content":{"rendered":"\n<div class=\"wp-block-group alignfull has-base-background-color has-background has-global-padding is-layout-constrained wp-block-group-is-layout-constrained\">\n<div class=\"wp-block-group alignfull has-base-background-color has-background has-global-padding is-layout-constrained wp-container-core-group-is-layout-07012ed7 wp-block-group-is-layout-constrained\" style=\"min-height:10vh;margin-top:0;margin-bottom:0;padding-top:var(--wp--preset--spacing--50);padding-right:var(--wp--preset--spacing--50);padding-bottom:0;padding-left:var(--wp--preset--spacing--50);background-image:url(&apos;https:\/\/studioekilibr.com\/wp-content\/uploads\/2024\/06\/transition-bas-moyen-3-1.png&apos;);background-position:50% 0%;background-repeat:no-repeat;background-size:contain;\">\n<div class=\"wp-block-group alignwide is-layout-flow wp-block-group-is-layout-flow\">\n<h2 class=\"wp-block-heading alignwide has-text-align-left\">Enseignantes<\/h2>\n\n\n\n<div style=\"height:40px\" aria-hidden=\"true\" class=\"wp-block-spacer\"><\/div>\n\n\n\n<p>Cr\u00e9\u00e9e par Miriana Couvret-Michel, l&#8217;\u00e9cole est compos\u00e9e d\u2019<strong>une \u00e9quipe passionn\u00e9e<\/strong>.&nbsp;Elle est <strong>ouverte \u00e0 toutes celles et tous ceux qui ont soif de d\u00e9couvrir la voie du Yoga<\/strong>. <strong>Notre enseignement s\u2019adapte aux besoins de chaque \u00e9l\u00e8ve<\/strong> <strong>pour vous accompagner individuellement<\/strong> \u00e0 travers votre exploration du Yoga, dans le respect de soi-m\u00eame et des autres. Avant tout <strong>\u00e9l\u00e8ves et pratiquantes<\/strong>, <strong>nous continuons <\/strong>avec humilit\u00e9 et curiosit\u00e9 <strong>notre \u00e9tude et notre pratique aupr\u00e8s de nos professeurs<\/strong>.&nbsp;<\/p>\n<\/div>\n<\/div>\n\n\n\n<div class=\"wp-block-group alignfull has-base-background-color has-background has-global-padding is-layout-constrained wp-container-core-group-is-layout-1c37b335 wp-block-group-is-layout-constrained\" style=\"min-height:10vh;margin-top:0;margin-bottom:0;padding-top:var(--wp--preset--spacing--50);padding-right:var(--wp--preset--spacing--50);padding-bottom:var(--wp--preset--spacing--50);padding-left:var(--wp--preset--spacing--50);background-position:50% 0%;background-repeat:no-repeat;background-size:contain;\">\n<div class=\"wp-block-group alignwide is-layout-flow wp-block-group-is-layout-flow\">\n<div class=\"wp-block-columns has-base-2-background-color has-background is-layout-flex wp-container-core-columns-is-layout-89ea8cef wp-block-columns-is-layout-flex\" style=\"border-radius:20px;margin-top:0;margin-bottom:0;padding-top:var(--wp--preset--spacing--10);padding-right:var(--wp--preset--spacing--10);padding-bottom:var(--wp--preset--spacing--10);padding-left:var(--wp--preset--spacing--10)\">\n<div class=\"wp-block-column is-layout-flow wp-block-column-is-layout-flow\" style=\"flex-basis:33.33%\">\n<figure class=\"wp-block-image size-full has-custom-border\"><img loading=\"lazy\" decoding=\"async\" width=\"647\" height=\"679\" src=\"https:\/\/studioekilibr.com\/wp-content\/uploads\/2024\/06\/Capture-decran-2024-06-25-a-14.45.47.png\" alt=\"\" class=\"wp-image-286\" style=\"border-radius:15px;aspect-ratio:3\/4;object-fit:cover\" srcset=\"https:\/\/studioekilibr.com\/wp-content\/uploads\/2024\/06\/Capture-decran-2024-06-25-a-14.45.47.png 647w, https:\/\/studioekilibr.com\/wp-content\/uploads\/2024\/06\/Capture-decran-2024-06-25-a-14.45.47-286x300.png 286w\" sizes=\"auto, (max-width: 647px) 100vw, 647px\" \/><\/figure>\n<\/div>\n\n\n\n<div class=\"wp-block-column is-layout-flow wp-block-column-is-layout-flow\" style=\"padding-top:var(--wp--preset--spacing--10);padding-right:var(--wp--preset--spacing--10);padding-bottom:var(--wp--preset--spacing--10);padding-left:var(--wp--preset--spacing--10);flex-basis:66.66%\">\n<h3 class=\"wp-block-heading\">Miriana Couvret-Michel<\/h3>\n\n\n\n<div style=\"height:20px\" aria-hidden=\"true\" class=\"wp-block-spacer\"><\/div>\n\n\n\n<p>C\u2019est en 2016 dans le sud de l\u2019Inde que je d\u00e9couvre la pratique posturale du yoga. A mon retour de voyage, je d\u00e9bute mes premiers cours d&#8217;Ashtanga Yoga aupr\u00e8s de Marie Geoffroy (autoris\u00e9e niveau 2 KPJAYI ) \u00e0 Mysore Yoga Montpellier.&nbsp;<\/p>\n\n\n\n<p>Form\u00e9e en danse contemporaine et classique, le mouvement a toujours fait partie de ma vie. C\u2019est tout naturellement que le yoga s\u2019est immisc\u00e9 dans mon quotidien, d\u2019abord par la pratique posturale (asanas), puis par sa philosophie et des pratiques de respiration (pranayama) et de m\u00e9ditation.&nbsp;<\/p>\n\n\n\n<p>En 2020, je commence \u00e0 assister Marie Geoffroy et \u00e0 donner cours \u00e0 Mysore Yoga Montpellier avant de reprendre la gestion de l&#8217;\u00e9cole en 2022 lorsque Marie part s&#8217;installer dans les C\u00e9vennes.<\/p>\n\n\n\n<p>Aujourd\u2019hui, c\u2019est en parall\u00e8le de&nbsp;mon m\u00e9tier dans le domaine culturel que je me consacre \u00e0 l\u2019enseignement et au partage de l\u2019Ashtanga Yoga, tout en&nbsp;continuant de me former et d\u2019approfondir&nbsp;son&nbsp;\u00e9tude aupr\u00e8s de Luke Jordan, Marie Geoffroy et d\u2019autres enseignant.e.s qui m\u2019inspirent.<\/p>\n<\/div>\n<\/div>\n<\/div>\n<\/div>\n<\/div>\n\n\n\n<div class=\"wp-block-group alignfull has-global-padding is-layout-constrained wp-container-core-group-is-layout-c1db89c6 wp-block-group-is-layout-constrained has-background\" style=\"min-height:20vh;margin-top:0;margin-bottom:0;padding-top:var(--wp--preset--spacing--60);padding-bottom:var(--wp--preset--spacing--60);background-image:url(&apos;https:\/\/studioekilibr.com\/wp-content\/uploads\/2024\/06\/transition-bas-clair-1.png&apos;);background-position:50% 0%;background-repeat:no-repeat;background-size:contain;\">\n<div class=\"wp-block-columns has-base-background-color has-background is-layout-flex wp-container-core-columns-is-layout-89ea8cef wp-block-columns-is-layout-flex\" style=\"border-radius:20px;margin-top:0;margin-bottom:0;padding-top:var(--wp--preset--spacing--10);padding-right:var(--wp--preset--spacing--10);padding-bottom:var(--wp--preset--spacing--10);padding-left:var(--wp--preset--spacing--10)\">\n<div class=\"wp-block-column is-layout-flow wp-block-column-is-layout-flow\" style=\"flex-basis:33.33%\">\n<figure class=\"wp-block-image size-full has-custom-border\"><img loading=\"lazy\" decoding=\"async\" width=\"922\" height=\"1154\" src=\"https:\/\/studioekilibr.com\/wp-content\/uploads\/2024\/06\/20240625_133133.jpg\" alt=\"\" class=\"wp-image-283\" style=\"border-radius:15px;aspect-ratio:3\/4;object-fit:cover\" srcset=\"https:\/\/studioekilibr.com\/wp-content\/uploads\/2024\/06\/20240625_133133.jpg 922w, https:\/\/studioekilibr.com\/wp-content\/uploads\/2024\/06\/20240625_133133-240x300.jpg 240w, https:\/\/studioekilibr.com\/wp-content\/uploads\/2024\/06\/20240625_133133-818x1024.jpg 818w, https:\/\/studioekilibr.com\/wp-content\/uploads\/2024\/06\/20240625_133133-768x961.jpg 768w\" sizes=\"auto, (max-width: 922px) 100vw, 922px\" \/><\/figure>\n<\/div>\n\n\n\n<div class=\"wp-block-column is-layout-flow wp-block-column-is-layout-flow\" style=\"padding-top:var(--wp--preset--spacing--10);padding-right:var(--wp--preset--spacing--10);padding-bottom:var(--wp--preset--spacing--10);padding-left:var(--wp--preset--spacing--10);flex-basis:66.66%\">\n<h3 class=\"wp-block-heading\">Manuelle Debunne<\/h3>\n\n\n\n<div style=\"height:20px\" aria-hidden=\"true\" class=\"wp-block-spacer\"><\/div>\n\n\n\n<p>Passionn\u00e9e de mouvement depuis l\u2019enfance, je commence \u00e0 pratiquer le yoga en 2014. Apr\u00e8s avoir test\u00e9 plusieurs pratiques, je me consacre principalement \u00e0 l\u2019Ashtanga yoga. Attir\u00e9e par l\u2019observation des b\u00e9n\u00e9fices sur ma sant\u00e9 physique et mentale, je d\u00e9cide de m\u2019y consacrer plus s\u00e9rieusement et je me forme \u00e0 l\u2019enseignement du yoga en 2018.<\/p>\n\n\n\n<p>Ayant une formation de biologiste et une attirance particuli\u00e8re pour la physiologie du corps humain, j\u2019ai une approche m\u00e9canistique du mouvement et c\u2019est par cet angle que j\u2019aborde ma pratique et mon enseignement. J\u2019aime d\u00e9cortiquer le mouvement pour en trouver l\u2019essence et le rendre accessible \u00e0 tous. <\/p>\n\n\n\n<p>En parall\u00e8le de l\u2019Ashtanga Yoga, je m\u2019int\u00e9resse \u00e0 l\u2019Ayurveda et \u00e0 la philosophie du Yoga. Je compl\u00e9mente \u00e9galement ma pratique avec de l\u2019acro balance et des \u00e9quilibres sur les mains.<\/p>\n<\/div>\n<\/div>\n<\/div>\n\n\n\n<div class=\"wp-block-group alignfull has-base-background-color has-background has-global-padding is-layout-constrained wp-container-core-group-is-layout-26fec5aa wp-block-group-is-layout-constrained\" style=\"min-height:20vh;padding-top:var(--wp--preset--spacing--60);padding-bottom:var(--wp--preset--spacing--60);background-image:url(&apos;https:\/\/studioekilibr.com\/wp-content\/uploads\/2024\/06\/transition-bas-moyen-4.png&apos;);background-position:50% 0%;background-repeat:no-repeat;background-size:contain;\">\n<div class=\"wp-block-columns has-base-2-background-color has-background is-layout-flex wp-container-core-columns-is-layout-89ea8cef wp-block-columns-is-layout-flex\" style=\"border-radius:20px;margin-top:0;margin-bottom:0;padding-top:var(--wp--preset--spacing--10);padding-right:var(--wp--preset--spacing--10);padding-bottom:var(--wp--preset--spacing--10);padding-left:var(--wp--preset--spacing--10)\">\n<div class=\"wp-block-column is-layout-flow wp-block-column-is-layout-flow\" style=\"flex-basis:33.33%\">\n<figure class=\"wp-block-image size-full has-custom-border\"><img loading=\"lazy\" decoding=\"async\" width=\"750\" height=\"539\" src=\"https:\/\/studioekilibr.com\/wp-content\/uploads\/2024\/07\/IMG_1048.jpg\" alt=\"\" class=\"wp-image-364\" style=\"border-radius:15px;aspect-ratio:3\/4;object-fit:cover\" srcset=\"https:\/\/studioekilibr.com\/wp-content\/uploads\/2024\/07\/IMG_1048.jpg 750w, https:\/\/studioekilibr.com\/wp-content\/uploads\/2024\/07\/IMG_1048-300x216.jpg 300w\" sizes=\"auto, (max-width: 750px) 100vw, 750px\" \/><\/figure>\n<\/div>\n\n\n\n<div class=\"wp-block-column is-layout-flow wp-block-column-is-layout-flow\" style=\"padding-top:var(--wp--preset--spacing--10);padding-right:var(--wp--preset--spacing--10);padding-bottom:var(--wp--preset--spacing--10);padding-left:var(--wp--preset--spacing--10);flex-basis:66.66%\">\n<h3 class=\"wp-block-heading\">Marina Novaro (intervenante ponctuelle)<\/h3>\n\n\n\n<div style=\"height:20px\" aria-hidden=\"true\" class=\"wp-block-spacer\"><\/div>\n\n\n\n<p>Passionn\u00e9e par le corps humain et ses capacit\u00e9s, le sport a toujours fait partie de mon quotidien (Surf , Triathlon, Randonn\u00e9e).<\/p>\n\n\n\n<p>Sage-femme de formation, je d\u00e9couvre le yoga \u00e0 travers le regard de mes patientes lors de s\u00e9ances de yoga pr\u00e9natal. Ainsi je d\u00e9cide de partir personnellement \u00e0 la d\u00e9couverte de cette discipline pour pouvoir l\u2019int\u00e9grer par la suite \u00e0 ma pratique m\u00e9dicale. Je d\u00e9roule mon premier tapis il y a 10 ans dans une classe de Vinyasa. Tr\u00e8s rapidement la discipline s&#8217;installe, et l&#8217;envie d\u2019approfondir mon \u00e9tude \u00e9clot.<\/p>\n\n\n\n<p>Je d\u00e9cide de me tourner vers une formation d\u00e9livr\u00e9e par Mathieu Boldron &nbsp;en Vinyasa yoga en 2018.<\/p>\n\n\n\n<p>Depuis, le d\u00e9sir d\u2019enseigner et de partager ce que j\u2019ai re\u00e7u ne m\u2019a plus quitt\u00e9e. D\u00e9sireuse d\u2019apprendre, je continue encore et toujours \u00e0 d\u00e9velopper ma pratique et mon enseignement gr\u00e2ce aux diff\u00e9rents professeurs crois\u00e9s sur ma route et dans diverses branches de la pratique (Vinyasa, Iyengar, Ashtanga, Restauratif&#8230;).<\/p>\n<\/div>\n<\/div>\n<\/div>\n","protected":false},"excerpt":{"rendered":"<p>Enseignantes Cr\u00e9\u00e9e par Miriana Couvret-Michel, l&#8217;\u00e9cole est compos\u00e9e d\u2019une \u00e9quipe passionn\u00e9e.&nbsp;Elle est ouverte \u00e0 toutes celles et tous ceux qui ont soif de d\u00e9couvrir la voie du Yoga. Notre enseignement s\u2019adapte aux besoins de chaque \u00e9l\u00e8ve pour vous accompagner individuellement \u00e0 travers votre exploration du Yoga, dans le respect de soi-m\u00eame et des autres. Avant [&hellip;]<\/p>\n","protected":false},"author":1,"featured_media":0,"parent":0,"menu_order":0,"comment_status":"closed","ping_status":"closed","template":"","meta":{"inline_featured_image":false,"footnotes":""},"class_list":["post-43","page","type-page","status-publish","hentry"],"_links":{"self":[{"href":"https:\/\/studioekilibr.com\/index.php\/wp-json\/wp\/v2\/pages\/43","targetHints":{"allow":["GET"]}}],"collection":[{"href":"https:\/\/studioekilibr.com\/index.php\/wp-json\/wp\/v2\/pages"}],"about":[{"href":"https:\/\/studioekilibr.com\/index.php\/wp-json\/wp\/v2\/types\/page"}],"author":[{"embeddable":true,"href":"https:\/\/studioekilibr.com\/index.php\/wp-json\/wp\/v2\/users\/1"}],"replies":[{"embeddable":true,"href":"https:\/\/studioekilibr.com\/index.php\/wp-json\/wp\/v2\/comments?post=43"}],"version-history":[{"count":17,"href":"https:\/\/studioekilibr.com\/index.php\/wp-json\/wp\/v2\/pages\/43\/revisions"}],"predecessor-version":[{"id":504,"href":"https:\/\/studioekilibr.com\/index.php\/wp-json\/wp\/v2\/pages\/43\/revisions\/504"}],"wp:attachment":[{"href":"https:\/\/studioekilibr.com\/index.php\/wp-json\/wp\/v2\/media?parent=43"}],"curies":[{"name":"wp","href":"https:\/\/api.w.org\/{rel}","templated":true}]}}