{"id":16,"date":"2024-06-16T08:33:50","date_gmt":"2024-06-16T06:33:50","guid":{"rendered":"https:\/\/studioekilibr.com\/?page_id=16"},"modified":"2025-07-31T08:11:09","modified_gmt":"2025-07-31T06:11:09","slug":"pratiques","status":"publish","type":"page","link":"https:\/\/studioekilibr.com\/index.php\/pratiques\/","title":{"rendered":"PRATIQUES"},"content":{"rendered":"\n<div class=\"wp-block-group alignfull has-base-background-color has-background has-global-padding is-layout-constrained wp-container-core-group-is-layout-e94d914f wp-block-group-is-layout-constrained\" id=\"ashtanga\" style=\"min-height:10vh;margin-top:0;margin-bottom:0;padding-top:var(--wp--preset--spacing--50);padding-right:var(--wp--preset--spacing--50);padding-bottom:var(--wp--preset--spacing--50);padding-left:var(--wp--preset--spacing--50);background-image:url(&apos;http:\/\/studioekilibr.com\/wp-content\/uploads\/2024\/06\/transition-bas-moyen-2.png&apos;);background-position:50% 0%;background-repeat:no-repeat;background-size:contain;\">\n<div class=\"wp-block-group alignwide is-layout-flow wp-block-group-is-layout-flow\">\n<h2 class=\"wp-block-heading alignwide has-text-align-left\">La pratique de l&#8217;Ashtanga Yoga &amp; les cours<\/h2>\n\n\n\n<div style=\"height:60px\" aria-hidden=\"true\" class=\"wp-block-spacer\"><\/div>\n\n\n\n<h3 class=\"wp-block-heading\">Ashtanga Yoga<\/h3>\n\n\n\n<div style=\"height:20px\" aria-hidden=\"true\" class=\"wp-block-spacer\"><\/div>\n\n\n\n<div class=\"wp-block-columns is-layout-flex wp-container-core-columns-is-layout-ca109620 wp-block-columns-is-layout-flex\" style=\"padding-top:0;padding-right:0;padding-bottom:0;padding-left:0\">\n<div class=\"wp-block-column has-global-padding is-content-justification-center is-layout-constrained wp-block-column-is-layout-constrained\" style=\"flex-basis:33.33%\">\n<div class=\"wp-block-group has-global-padding is-layout-constrained wp-block-group-is-layout-constrained\">\n<figure class=\"wp-block-image aligncenter size-large has-custom-border\"><img loading=\"lazy\" decoding=\"async\" width=\"1024\" height=\"577\" src=\"https:\/\/studioekilibr.com\/wp-content\/uploads\/2024\/06\/20230824_184331-1024x577.jpg\" alt=\"\" class=\"wp-image-317\" style=\"border-radius:15px;aspect-ratio:4\/3;object-fit:cover\" srcset=\"https:\/\/studioekilibr.com\/wp-content\/uploads\/2024\/06\/20230824_184331-1024x577.jpg 1024w, https:\/\/studioekilibr.com\/wp-content\/uploads\/2024\/06\/20230824_184331-300x169.jpg 300w, https:\/\/studioekilibr.com\/wp-content\/uploads\/2024\/06\/20230824_184331-768x432.jpg 768w, https:\/\/studioekilibr.com\/wp-content\/uploads\/2024\/06\/20230824_184331-1536x865.jpg 1536w, https:\/\/studioekilibr.com\/wp-content\/uploads\/2024\/06\/20230824_184331-2048x1153.jpg 2048w\" sizes=\"auto, (max-width: 1024px) 100vw, 1024px\" \/><\/figure>\n<\/div>\n<\/div>\n\n\n\n<div class=\"wp-block-column is-vertically-aligned-center is-layout-flow wp-block-column-is-layout-flow\" style=\"flex-basis:66.66%\">\n<p><strong>L\u2019Ashtanga Yoga<\/strong>&nbsp;est un <strong>yoga traditionnel du Sud de l\u2019Inde<\/strong> fond\u00e9 par Sri K. Pattabhi Jois. Il se pr\u00e9sente sous forme de s\u00e9ries, qui vont, de fa\u00e7on \u00e9volutive, aborder des postures sp\u00e9cifiques. Bas\u00e9 sur la <strong>synchronisation du souffle et du mouvement <\/strong>que l&#8217;on nomme Vinyasa, les postures (asanas) sont pratiqu\u00e9es en suivant un <strong>encha\u00eenement pr\u00e9cis, rythm\u00e9 par la respiration Ujjayi <\/strong>(respiration thoracique), associ\u00e9s \u00e0 des bandhas (contractions musculaires internes), ainsi que des points d\u2019attention du regard (dristhi). <strong>L&#8217;Ashtanga Yoga apporte force, flexibilit\u00e9 et concentration et permet de d\u00e9toxifier le corps<\/strong>.<\/p>\n<\/div>\n<\/div>\n\n\n\n<div style=\"height:40px\" aria-hidden=\"true\" class=\"wp-block-spacer\"><\/div>\n\n\n\n<h3 class=\"wp-block-heading\">Cours Mysore Style &#8211; tous niveaux<\/h3>\n\n\n\n<div style=\"height:20px\" aria-hidden=\"true\" class=\"wp-block-spacer\"><\/div>\n\n\n\n<div class=\"wp-block-columns is-layout-flex wp-container-core-columns-is-layout-ca109620 wp-block-columns-is-layout-flex\" style=\"padding-top:0;padding-right:0;padding-bottom:0;padding-left:0\">\n<div class=\"wp-block-column has-global-padding is-content-justification-center is-layout-constrained wp-block-column-is-layout-constrained\" style=\"flex-basis:33.33%\">\n<div class=\"wp-block-group has-global-padding is-layout-constrained wp-block-group-is-layout-constrained\">\n<figure class=\"wp-block-image aligncenter size-large has-custom-border\"><img loading=\"lazy\" decoding=\"async\" width=\"1024\" height=\"683\" src=\"https:\/\/studioekilibr.com\/wp-content\/uploads\/2024\/06\/Marie.G-12-1-1024x683.jpg\" alt=\"\" class=\"wp-image-315\" style=\"border-radius:15px;aspect-ratio:4\/3;object-fit:cover\" srcset=\"https:\/\/studioekilibr.com\/wp-content\/uploads\/2024\/06\/Marie.G-12-1-1024x683.jpg 1024w, https:\/\/studioekilibr.com\/wp-content\/uploads\/2024\/06\/Marie.G-12-1-300x200.jpg 300w, https:\/\/studioekilibr.com\/wp-content\/uploads\/2024\/06\/Marie.G-12-1-768x512.jpg 768w, https:\/\/studioekilibr.com\/wp-content\/uploads\/2024\/06\/Marie.G-12-1-1536x1024.jpg 1536w, https:\/\/studioekilibr.com\/wp-content\/uploads\/2024\/06\/Marie.G-12-1-2048x1365.jpg 2048w\" sizes=\"auto, (max-width: 1024px) 100vw, 1024px\" \/><\/figure>\n<\/div>\n<\/div>\n\n\n\n<div class=\"wp-block-column is-vertically-aligned-center is-layout-flow wp-block-column-is-layout-flow\" style=\"flex-basis:66.66%\">\n<p><strong>Mysore Style <\/strong>est la <strong>mani\u00e8re traditionnelle de pratiquer l&#8217;Ashtanga Yoga<\/strong>, tel qu&#8217;il est enseign\u00e9 \u00e0 Mysore, dans le sud de l&#8217;Inde. Chaque \u00e9l\u00e8ve <strong>pratique de mani\u00e8re individuelle<\/strong> et au rythme de sa respiration <strong>dans un environnement collectif<\/strong>. Vous \u00eates d&#8217;abord guid\u00e9s par l&#8217;enseignante puis vous devenez petit \u00e0 petit autonome, progressant \u00e0 votre rythme. Le Mysore est une <strong>approche personnalis\u00e9e favorisant un \u00e9change individualis\u00e9 avec l&#8217;enseignante<\/strong> qui est l\u00e0 pour vous donner des instructions, ajuster si n\u00e9cessaire et introduire de nouvelles postures. Le <strong>Mysore permet de cr\u00e9er une pratique durable sur le long terme, progressive et \u00e0 l&#8217;\u00e9coute de soi.<\/strong><\/p>\n\n\n\n<p>Vous arrivez \u00e0 l\u2019heure qui vous convient. Les premi\u00e8res s\u00e9ances durent environ 45min-1h sur rendez-vous, puis s\u2019allongent progressivement.<\/p>\n\n\n\n<ul class=\"wp-block-list\">\n<li>Accessible \u00e0 tous les niveaux, m\u00eame d\u00e9butants. <br><\/li>\n<\/ul>\n<\/div>\n<\/div>\n<\/div>\n<\/div>\n\n\n\n<div class=\"wp-block-group alignfull has-global-padding is-layout-constrained wp-container-core-group-is-layout-736086d9 wp-block-group-is-layout-constrained has-background\" id=\"vinyasa\" style=\"min-height:20vh;margin-top:0;margin-bottom:0;padding-top:var(--wp--preset--spacing--50);padding-right:var(--wp--preset--spacing--50);padding-bottom:var(--wp--preset--spacing--50);padding-left:var(--wp--preset--spacing--50);background-image:url(&apos;http:\/\/studioekilibr.com\/wp-content\/uploads\/2024\/06\/transition-fin-deb-clar.png&apos;);background-position:50% 0%;background-repeat:no-repeat;background-size:contain;\">\n<h3 class=\"wp-block-heading alignwide has-text-align-left\">Cours Ashtanga initiation &#8211; cours guid\u00e9 d\u00e9butant.e<\/h3>\n\n\n\n<div style=\"height:20px\" aria-hidden=\"true\" class=\"wp-block-spacer\"><\/div>\n\n\n\n<div class=\"wp-block-columns is-layout-flex wp-container-core-columns-is-layout-ca109620 wp-block-columns-is-layout-flex\" style=\"padding-top:0;padding-right:0;padding-bottom:0;padding-left:0\">\n<div class=\"wp-block-column has-global-padding is-content-justification-center is-layout-constrained wp-block-column-is-layout-constrained\" style=\"flex-basis:33.33%\">\n<div class=\"wp-block-group has-global-padding is-layout-constrained wp-block-group-is-layout-constrained\">\n<figure class=\"wp-block-image aligncenter size-large has-custom-border\"><img loading=\"lazy\" decoding=\"async\" width=\"1024\" height=\"577\" src=\"https:\/\/studioekilibr.com\/wp-content\/uploads\/2024\/06\/IMG-20230824-WA0006-1024x577.jpg\" alt=\"\" class=\"wp-image-258\" style=\"border-radius:15px;aspect-ratio:4\/3;object-fit:cover\" srcset=\"https:\/\/studioekilibr.com\/wp-content\/uploads\/2024\/06\/IMG-20230824-WA0006-1024x577.jpg 1024w, https:\/\/studioekilibr.com\/wp-content\/uploads\/2024\/06\/IMG-20230824-WA0006-300x169.jpg 300w, https:\/\/studioekilibr.com\/wp-content\/uploads\/2024\/06\/IMG-20230824-WA0006-768x432.jpg 768w, https:\/\/studioekilibr.com\/wp-content\/uploads\/2024\/06\/IMG-20230824-WA0006-1536x865.jpg 1536w, https:\/\/studioekilibr.com\/wp-content\/uploads\/2024\/06\/IMG-20230824-WA0006.jpg 1600w\" sizes=\"auto, (max-width: 1024px) 100vw, 1024px\" \/><\/figure>\n<\/div>\n<\/div>\n\n\n\n<div class=\"wp-block-column is-vertically-aligned-center is-layout-flow wp-block-column-is-layout-flow\" style=\"flex-basis:66.66%\">\n<p>A travers ce\u00a0<strong>cours d\u2019initiation<\/strong>, vous explorerez<strong>\u00a0les principes de base<\/strong>\u00a0de la pratique tels que la\u00a0respiration ujjayi\u00a0; les drishti (points d\u2019attention du de regard), les bandhas (verrous internes) ; les\u00a0<strong>salutations au soleil<\/strong>\u00a0ainsi et les\u00a0<strong>postures debout et de fin de la 1\u00e8re s\u00e9rie.<\/strong>\u00a0Vous serez guid\u00e9 en prenant soin de d\u00e9tailler les postures et l\u2019encha\u00eenement entre chacun d\u2019elle afin de<strong>\u00a0construire une base solide\u00a0<\/strong>pour votre\u00a0<strong>pratique personnelle<\/strong>.\u00a0<\/p>\n\n\n\n<p>A travers ce cours, nous souhaitons vous donner les clefs pour <strong>d\u00e9velopper une pratique individuelle en groupe<\/strong> et vous pr\u00e9parer \u00e0 une <strong>pratique Mysore Style<\/strong>.<\/p>\n\n\n\n<p>Ce cours s\u2019adapte \u00e0 la capacit\u00e9 de chacun.e en proposant des&nbsp;<strong>adaptations pour servir les besoins individuels et rendre la pratique accessible \u00e0 toutes et tous.&nbsp;<\/strong><\/p>\n\n\n\n<ul class=\"wp-block-list\">\n<li>Cours guid\u00e9 d\u00e9butant.e<\/li>\n<\/ul>\n<\/div>\n<\/div>\n\n\n\n<div style=\"height:60px\" aria-hidden=\"true\" class=\"wp-block-spacer\"><\/div>\n\n\n\n<h4 class=\"wp-block-heading\">T\u00e9l\u00e9chargements<\/h4>\n\n\n\n<div class=\"wp-block-group has-global-padding is-layout-constrained wp-container-core-group-is-layout-b379b4dc wp-block-group-is-layout-constrained\" style=\"margin-top:var(--wp--preset--spacing--20);margin-bottom:var(--wp--preset--spacing--20)\">\n<div class=\"wp-block-columns is-layout-flex wp-container-core-columns-is-layout-fef0e728 wp-block-columns-is-layout-flex\">\n<div class=\"wp-block-column is-layout-flow wp-block-column-is-layout-flow\" style=\"flex-basis:30%\">\n<div class=\"wp-block-group has-global-padding is-layout-constrained wp-block-group-is-layout-constrained\">\n<div class=\"wp-block-buttons is-content-justification-center is-layout-flex wp-container-core-buttons-is-layout-a89b3969 wp-block-buttons-is-layout-flex\">\n<div class=\"wp-block-button has-custom-width wp-block-button__width-75\"><a class=\"wp-block-button__link has-base-color has-custom-couleur-1-background-color has-text-color has-background has-link-color has-medium-font-size has-custom-font-size wp-element-button\" href=\"http:\/\/studioekilibr.com\/wp-content\/uploads\/2024\/06\/Postures-de-la-1ere-serie-Yoga-Chikitsa.pdf\" style=\"padding-top:var(--wp--preset--spacing--10);padding-right:var(--wp--preset--spacing--10);padding-bottom:var(--wp--preset--spacing--10);padding-left:var(--wp--preset--spacing--10)\" target=\"_blank\" rel=\"noreferrer noopener\">Postures de la 1\u00e8re s\u00e9rie &#8220;Yoga Chikitsa&#8221;<\/a><\/div>\n<\/div>\n<\/div>\n<\/div>\n\n\n\n<div class=\"wp-block-column is-layout-flow wp-block-column-is-layout-flow\" style=\"flex-basis:30%\">\n<div class=\"wp-block-buttons is-content-justification-center is-layout-flex wp-container-core-buttons-is-layout-a89b3969 wp-block-buttons-is-layout-flex\">\n<div class=\"wp-block-button has-custom-width wp-block-button__width-75\"><a class=\"wp-block-button__link has-base-color has-custom-couleur-1-background-color has-text-color has-background has-link-color has-medium-font-size has-custom-font-size wp-element-button\" href=\"http:\/\/studioekilibr.com\/wp-content\/uploads\/2024\/06\/Nom-des-postures-Asanas.pdf\" style=\"padding-top:var(--wp--preset--spacing--10);padding-right:var(--wp--preset--spacing--10);padding-bottom:var(--wp--preset--spacing--10);padding-left:var(--wp--preset--spacing--10)\" target=\"_blank\" rel=\"noreferrer noopener\">Nom des postures (Asanas)<\/a><\/div>\n<\/div>\n<\/div>\n\n\n\n<div class=\"wp-block-column is-layout-flow wp-block-column-is-layout-flow\" style=\"flex-basis:30%\">\n<div class=\"wp-block-buttons is-content-justification-center is-layout-flex wp-container-core-buttons-is-layout-a89b3969 wp-block-buttons-is-layout-flex\">\n<div class=\"wp-block-button has-custom-width wp-block-button__width-75\"><a class=\"wp-block-button__link has-base-color has-custom-couleur-1-background-color has-text-color has-background has-link-color has-medium-font-size has-custom-font-size wp-element-button\" href=\"http:\/\/studioekilibr.com\/wp-content\/uploads\/2024\/06\/Mantras-douverture-et-de-cloture-de-la-pratique.pdf\" style=\"padding-top:var(--wp--preset--spacing--10);padding-right:var(--wp--preset--spacing--10);padding-bottom:var(--wp--preset--spacing--10);padding-left:var(--wp--preset--spacing--10)\" target=\"_blank\" rel=\"noreferrer noopener\">Mantras d&#8217;ouverture &amp; de cl\u00f4ture de la pratique<\/a><\/div>\n<\/div>\n<\/div>\n<\/div>\n<\/div>\n<\/div>\n\n\n\n<div class=\"wp-block-group alignfull has-base-background-color has-background has-global-padding is-layout-constrained wp-container-core-group-is-layout-ee83385c wp-block-group-is-layout-constrained\" id=\"autres\" style=\"min-height:20vh;padding-top:var(--wp--preset--spacing--50);padding-right:var(--wp--preset--spacing--50);padding-bottom:var(--wp--preset--spacing--30);padding-left:var(--wp--preset--spacing--50);background-image:url(&apos;https:\/\/studioekilibr.com\/wp-content\/uploads\/2024\/06\/transition-bas-moyen-1.png&apos;);background-position:50% 0%;background-repeat:no-repeat;background-size:contain;\">\n<h3 class=\"wp-block-heading alignwide has-text-align-left\">Les autres types de pratiques<\/h3>\n\n\n\n<div style=\"height:40px\" aria-hidden=\"true\" class=\"wp-block-spacer\"><\/div>\n\n\n\n<div class=\"wp-block-columns is-layout-flex wp-container-core-columns-is-layout-ca109620 wp-block-columns-is-layout-flex\" style=\"padding-top:0;padding-right:0;padding-bottom:0;padding-left:0\">\n<div class=\"wp-block-column has-global-padding is-content-justification-center is-layout-constrained wp-block-column-is-layout-constrained\" style=\"flex-basis:33.33%\">\n<div class=\"wp-block-group has-global-padding is-layout-constrained wp-block-group-is-layout-constrained\">\n<figure class=\"wp-block-image aligncenter size-large has-custom-border\"><img loading=\"lazy\" decoding=\"async\" width=\"768\" height=\"1024\" src=\"https:\/\/studioekilibr.com\/wp-content\/uploads\/2024\/06\/restauratif_ok-768x1024.jpg\" alt=\"\" class=\"wp-image-259\" style=\"border-radius:15px;aspect-ratio:4\/3;object-fit:cover\" srcset=\"https:\/\/studioekilibr.com\/wp-content\/uploads\/2024\/06\/restauratif_ok-768x1024.jpg 768w, https:\/\/studioekilibr.com\/wp-content\/uploads\/2024\/06\/restauratif_ok-225x300.jpg 225w, https:\/\/studioekilibr.com\/wp-content\/uploads\/2024\/06\/restauratif_ok-1152x1536.jpg 1152w, https:\/\/studioekilibr.com\/wp-content\/uploads\/2024\/06\/restauratif_ok.jpg 1530w\" sizes=\"auto, (max-width: 768px) 100vw, 768px\" \/><\/figure>\n<\/div>\n<\/div>\n\n\n\n<div class=\"wp-block-column is-vertically-aligned-center is-layout-flow wp-block-column-is-layout-flow\" style=\"flex-basis:66.66%\">\n<h4 class=\"wp-block-heading\">Yoga Restauratif<\/h4>\n\n\n\n<div style=\"height:20px\" aria-hidden=\"true\" class=\"wp-block-spacer\"><\/div>\n\n\n\n<p><strong>Le Yoga Restauratif<\/strong> invite \u00e0 la <strong>d\u00e9tente physique, mentale et \u00e9motionnelle<\/strong>. Les postures sont pratiqu\u00e9es lentement et se concentrent sur l\u2019immobilit\u00e9 et le repos gr\u00e2ce \u00e0 l\u2019utilisation de mat\u00e9riel (sangles, coussins, couverture, blocs\u2026). A travers cette <strong>pratique douce<\/strong>, on <strong>laisse aller le corps<\/strong>, on <strong>rel\u00e2che les tensions \u00e0 la fois physiques et mentales<\/strong> et on apprend \u00e0 ne rien faire.<\/p>\n\n\n\n<ul class=\"wp-block-list\">\n<li>Tous niveaux, accessible aux femmes enceintes, en cas de blessure ou de fatigue chronique.<\/li>\n<\/ul>\n<\/div>\n<\/div>\n<\/div>\n\n\n\n<div class=\"wp-block-group alignfull has-base-background-color has-background has-global-padding is-layout-constrained wp-container-core-group-is-layout-b750fe48 wp-block-group-is-layout-constrained\" style=\"padding-top:var(--wp--preset--spacing--30);padding-right:var(--wp--preset--spacing--50);padding-bottom:var(--wp--preset--spacing--50);padding-left:var(--wp--preset--spacing--50)\">\n<div class=\"wp-block-group has-base-2-background-color has-background is-layout-flow wp-container-core-group-is-layout-f8c598dd wp-block-group-is-layout-flow\" style=\"border-radius:20px;padding-top:var(--wp--preset--spacing--30);padding-right:var(--wp--preset--spacing--40);padding-bottom:var(--wp--preset--spacing--30);padding-left:var(--wp--preset--spacing--40)\">\n<h3 class=\"wp-block-heading has-text-align-center\">Recommandations<\/h3>\n\n\n\n<p class=\"has-text-align-center\"><em><strong>Avant de venir merci de consulter la charte ci-dessous !<\/strong><\/em><\/p>\n\n\n\n<ul class=\"wp-block-list\">\n<li>Contactez-nous avant votre premi\u00e8re venue.<\/li>\n\n\n\n<li>Arrivez 10 minutes avant le d\u00e9but de votre premier cours.<\/li>\n\n\n\n<li>Pr\u00e9voyez l\u2019appoint (esp\u00e8ce ou ch\u00e8que).<\/li>\n\n\n\n<li>Nous pr\u00eatons des tapis. Si votre pratique devient r\u00e9guli\u00e8re, il est conseill\u00e9 de faire l&#8217;acquisition d&#8217;un tapis personnel.<\/li>\n\n\n\n<li>La pratique se fait pieds nus. Portez des v\u00eatements confortables. Si vous transpirez, placer une petite serviette \u00e0 c\u00f4t\u00e9 de votre tapis.<\/li>\n\n\n\n<li>Id\u00e9alement venir en tenue.<\/li>\n\n\n\n<li>Soyez lav\u00e9s du jour (m\u00eame pour les cours du matin), sans parfum, ni bijoux. <\/li>\n\n\n\n<li>Il est pr\u00e9f\u00e9rable de pratiquer \u00e0 jeun (environ 2-3 heures apr\u00e8s un repas, 1h apr\u00e8s une collation).<\/li>\n\n\n\n<li>Soyez hydrat\u00e9s. Cependant, il est recommand\u00e9 de ne pas boire pendant la pratique.<\/li>\n\n\n\n<li>L\u2019entr\u00e9e du studio se fait directement dans la salle de pratique, merci de respecter le silence d\u00e8s votre entr\u00e9e et jusqu\u2019\u00e0 votre d\u00e9part.<\/li>\n\n\n\n<li>Eteignez vos t\u00e9l\u00e9phones avant d\u2019entrer dans le studio qui est un espace d\u2019int\u00e9riorit\u00e9 et de calme.<\/li>\n\n\n\n<li>Du mat\u00e9riel est \u00e0 votre disposition dans la salle. Merci de prendre soin de le ranger comme vous l&#8217;avez trouv\u00e9 et de nettoyer votre tapis avec les chiffons&nbsp;&nbsp;disponibles sur place.<\/li>\n\n\n\n<li>Rangez vos affaires dans le meuble \u00e0 disposition \u00e0 l&#8217;entr\u00e9e et vos chaussures dans le meuble \u00e0 chaussures. <\/li>\n\n\n\n<li>Nous demandons aux premiers arrivants de placer leurs tapis au devant de la salle et sur une m\u00eame ligne afin que les \u00e9l\u00e8ves qui suivent puisse se positionner facilement et ainsi optimiser l&#8217;espace. <\/li>\n\n\n\n<li>Les effets de la pratique s\u2019observent par la r\u00e9gularit\u00e9, l\u2019engagement et la pr\u00e9sence. Pour b\u00e9n\u00e9ficier d\u2019un \u00e9change suivi, une pratique de 2 fois par semaine minimum est conseill\u00e9e.&nbsp;N\u00e9anmoins, faites comme vous pouvez et soyez bienvenu.e.s.<\/li>\n\n\n\n<li>Informez-nous avant le cours de vos \u00e9ventuels changements d\u2019\u00e9tat de sant\u00e9 (blessures, maladies, grossesse\u2026).<\/li>\n\n\n\n<li>Si vous pr\u00e9sentez des signes d\u2019une maladie contagieuse, restez chez vous.<\/li>\n<\/ul>\n<\/div>\n<\/div>\n","protected":false},"excerpt":{"rendered":"<p>La pratique de l&#8217;Ashtanga Yoga &amp; les cours Ashtanga Yoga L\u2019Ashtanga Yoga&nbsp;est un yoga traditionnel du Sud de l\u2019Inde fond\u00e9 par Sri K. Pattabhi Jois. Il se pr\u00e9sente sous forme de s\u00e9ries, qui vont, de fa\u00e7on \u00e9volutive, aborder des postures sp\u00e9cifiques. Bas\u00e9 sur la synchronisation du souffle et du mouvement que l&#8217;on nomme Vinyasa, les [&hellip;]<\/p>\n","protected":false},"author":1,"featured_media":13,"parent":0,"menu_order":0,"comment_status":"closed","ping_status":"closed","template":"","meta":{"inline_featured_image":false,"footnotes":""},"class_list":["post-16","page","type-page","status-publish","has-post-thumbnail","hentry"],"_links":{"self":[{"href":"https:\/\/studioekilibr.com\/index.php\/wp-json\/wp\/v2\/pages\/16","targetHints":{"allow":["GET"]}}],"collection":[{"href":"https:\/\/studioekilibr.com\/index.php\/wp-json\/wp\/v2\/pages"}],"about":[{"href":"https:\/\/studioekilibr.com\/index.php\/wp-json\/wp\/v2\/types\/page"}],"author":[{"embeddable":true,"href":"https:\/\/studioekilibr.com\/index.php\/wp-json\/wp\/v2\/users\/1"}],"replies":[{"embeddable":true,"href":"https:\/\/studioekilibr.com\/index.php\/wp-json\/wp\/v2\/comments?post=16"}],"version-history":[{"count":48,"href":"https:\/\/studioekilibr.com\/index.php\/wp-json\/wp\/v2\/pages\/16\/revisions"}],"predecessor-version":[{"id":568,"href":"https:\/\/studioekilibr.com\/index.php\/wp-json\/wp\/v2\/pages\/16\/revisions\/568"}],"wp:featuredmedia":[{"embeddable":true,"href":"https:\/\/studioekilibr.com\/index.php\/wp-json\/wp\/v2\/media\/13"}],"wp:attachment":[{"href":"https:\/\/studioekilibr.com\/index.php\/wp-json\/wp\/v2\/media?parent=16"}],"curies":[{"name":"wp","href":"https:\/\/api.w.org\/{rel}","templated":true}]}}